{"id":13,"date":"2025-03-17T01:20:34","date_gmt":"2025-03-17T01:20:34","guid":{"rendered":"https:\/\/render-ec.com\/?page_id=13"},"modified":"2026-03-01T18:20:03","modified_gmt":"2026-03-01T18:20:03","slug":"islas-comerciales","status":"publish","type":"page","link":"https:\/\/render-ec.com\/index.php\/islas-comerciales\/","title":{"rendered":"Dise\u00f1o 3D"},"content":{"rendered":"\t\t<div data-elementor-type=\"wp-page\" data-elementor-id=\"13\" class=\"elementor elementor-13\">\n\t\t\t\t\t\t<section class=\"elementor-section elementor-top-section elementor-element elementor-element-1a88ca81 elementor-section-boxed elementor-section-height-default elementor-section-height-default\" data-id=\"1a88ca81\" data-element_type=\"section\" data-e-type=\"section\">\n\t\t\t\t\t\t<div class=\"elementor-container elementor-column-gap-default\">\n\t\t\t\t\t<div class=\"elementor-column elementor-col-100 elementor-top-column elementor-element elementor-element-39eafc7\" data-id=\"39eafc7\" data-element_type=\"column\" data-e-type=\"column\">\n\t\t\t<div class=\"elementor-widget-wrap elementor-element-populated\">\n\t\t\t\t\t\t<div class=\"elementor-element elementor-element-5e99818b elementor-widget elementor-widget-text-editor\" data-id=\"5e99818b\" data-element_type=\"widget\" data-e-type=\"widget\" data-widget_type=\"text-editor.default\">\n\t\t\t\t<div class=\"elementor-widget-container\">\n\t\t\t\t\t\t\t\t\t<p style=\"text-align: center;\">Nuestros Dise\u00f1os 3D son propuestas reales y construibles, a tama\u00f1o y medidas reales, con colores y texturas lo m\u00e1s exactas posibles, para que puedas visualizar tu proyecto de una manera real.<\/p>\t\t\t\t\t\t\t\t<\/div>\n\t\t\t\t<\/div>\n\t\t\t\t\t<\/div>\n\t\t<\/div>\n\t\t\t\t\t<\/div>\n\t\t<\/section>\n\t\t\t\t<section class=\"elementor-section elementor-top-section elementor-element elementor-element-dbff084 elementor-section-full_width elementor-section-content-top elementor-reverse-mobile elementor-section-height-default elementor-section-height-default\" data-id=\"dbff084\" data-element_type=\"section\" data-e-type=\"section\">\n\t\t\t\t\t\t<div class=\"elementor-container elementor-column-gap-no\">\n\t\t\t\t\t<div class=\"elementor-column elementor-col-25 elementor-top-column elementor-element elementor-element-8fb9501\" data-id=\"8fb9501\" data-element_type=\"column\" data-e-type=\"column\">\n\t\t\t<div class=\"elementor-widget-wrap elementor-element-populated\">\n\t\t\t\t\t\t<div class=\"elementor-element elementor-element-a605d71 elementor-widget-mobile__width-initial elementor-widget elementor-widget-image\" data-id=\"a605d71\" data-element_type=\"widget\" data-e-type=\"widget\" data-widget_type=\"image.default\">\n\t\t\t\t<div class=\"elementor-widget-container\">\n\t\t\t\t\t\t\t\t\t\t\t\t\t\t\t\t<a href=\"https:\/\/render-ec.com\/wp-content\/uploads\/2025\/09\/ISLA-MANUCHOS.jpg\" data-elementor-open-lightbox=\"yes\" data-elementor-lightbox-title=\"ISLA MANUCHOS\" data-e-action-hash=\"#elementor-action%3Aaction%3Dlightbox%26settings%3DeyJpZCI6MjE2LCJ1cmwiOiJodHRwczpcL1wvcmVuZGVyLWVjLmNvbVwvd3AtY29udGVudFwvdXBsb2Fkc1wvMjAyNVwvMDlcL0lTTEEtTUFOVUNIT1MuanBnIn0%3D\">\n\t\t\t\t\t\t\t<img fetchpriority=\"high\" decoding=\"async\" width=\"644\" height=\"483\" src=\"https:\/\/render-ec.com\/wp-content\/uploads\/2025\/09\/ISLA-MANUCHOS-1024x768.jpg\" class=\"attachment-large size-large wp-image-216\" alt=\"\" srcset=\"https:\/\/render-ec.com\/wp-content\/uploads\/2025\/09\/ISLA-MANUCHOS-1024x768.jpg 1024w, https:\/\/render-ec.com\/wp-content\/uploads\/2025\/09\/ISLA-MANUCHOS-300x225.jpg 300w, https:\/\/render-ec.com\/wp-content\/uploads\/2025\/09\/ISLA-MANUCHOS-768x576.jpg 768w, https:\/\/render-ec.com\/wp-content\/uploads\/2025\/09\/ISLA-MANUCHOS.jpg 1080w\" sizes=\"100vw\" \/>\t\t\t\t\t\t\t\t<\/a>\n\t\t\t\t\t\t\t\t\t\t\t\t\t\t\t<\/div>\n\t\t\t\t<\/div>\n\t\t\t\t\t<\/div>\n\t\t<\/div>\n\t\t\t\t<div class=\"elementor-column elementor-col-25 elementor-top-column elementor-element elementor-element-5c6396a\" data-id=\"5c6396a\" data-element_type=\"column\" data-e-type=\"column\">\n\t\t\t<div class=\"elementor-widget-wrap elementor-element-populated\">\n\t\t\t\t\t\t<div class=\"elementor-element elementor-element-52874c9 elementor-widget-mobile__width-initial elementor-widget elementor-widget-image\" data-id=\"52874c9\" data-element_type=\"widget\" data-e-type=\"widget\" data-widget_type=\"image.default\">\n\t\t\t\t<div class=\"elementor-widget-container\">\n\t\t\t\t\t\t\t\t\t\t\t\t\t\t\t\t<a href=\"https:\/\/render-ec.com\/wp-content\/uploads\/2025\/09\/ISLA-HELADOS-OTAVALO.jpg\" data-elementor-open-lightbox=\"yes\" data-elementor-lightbox-title=\"ISLA HELADOS OTAVALO\" data-e-action-hash=\"#elementor-action%3Aaction%3Dlightbox%26settings%3DeyJpZCI6MjE1LCJ1cmwiOiJodHRwczpcL1wvcmVuZGVyLWVjLmNvbVwvd3AtY29udGVudFwvdXBsb2Fkc1wvMjAyNVwvMDlcL0lTTEEtSEVMQURPUy1PVEFWQUxPLmpwZyJ9\">\n\t\t\t\t\t\t\t<img decoding=\"async\" width=\"644\" height=\"483\" src=\"https:\/\/render-ec.com\/wp-content\/uploads\/2025\/09\/ISLA-HELADOS-OTAVALO-1024x768.jpg\" class=\"attachment-large size-large wp-image-215\" alt=\"\" srcset=\"https:\/\/render-ec.com\/wp-content\/uploads\/2025\/09\/ISLA-HELADOS-OTAVALO-1024x768.jpg 1024w, https:\/\/render-ec.com\/wp-content\/uploads\/2025\/09\/ISLA-HELADOS-OTAVALO-300x225.jpg 300w, https:\/\/render-ec.com\/wp-content\/uploads\/2025\/09\/ISLA-HELADOS-OTAVALO-768x576.jpg 768w, https:\/\/render-ec.com\/wp-content\/uploads\/2025\/09\/ISLA-HELADOS-OTAVALO.jpg 1080w\" sizes=\"100vw\" \/>\t\t\t\t\t\t\t\t<\/a>\n\t\t\t\t\t\t\t\t\t\t\t\t\t\t\t<\/div>\n\t\t\t\t<\/div>\n\t\t\t\t\t<\/div>\n\t\t<\/div>\n\t\t\t\t<div class=\"elementor-column elementor-col-25 elementor-top-column elementor-element elementor-element-c44c5d7\" data-id=\"c44c5d7\" data-element_type=\"column\" data-e-type=\"column\">\n\t\t\t<div class=\"elementor-widget-wrap elementor-element-populated\">\n\t\t\t\t\t\t<div class=\"elementor-element elementor-element-3a2711a elementor-widget-mobile__width-initial elementor-widget elementor-widget-image\" data-id=\"3a2711a\" data-element_type=\"widget\" data-e-type=\"widget\" data-widget_type=\"image.default\">\n\t\t\t\t<div class=\"elementor-widget-container\">\n\t\t\t\t\t\t\t\t\t\t\t\t\t\t\t\t<a href=\"https:\/\/render-ec.com\/wp-content\/uploads\/2025\/09\/ISLA-CATERPILAR-scaled.jpg\" data-elementor-open-lightbox=\"yes\" data-elementor-lightbox-title=\"ISLA CATERPILAR\" data-e-action-hash=\"#elementor-action%3Aaction%3Dlightbox%26settings%3DeyJpZCI6MjEyLCJ1cmwiOiJodHRwczpcL1wvcmVuZGVyLWVjLmNvbVwvd3AtY29udGVudFwvdXBsb2Fkc1wvMjAyNVwvMDlcL0lTTEEtQ0FURVJQSUxBUi1zY2FsZWQuanBnIn0%3D\">\n\t\t\t\t\t\t\t<img decoding=\"async\" width=\"644\" height=\"483\" src=\"https:\/\/render-ec.com\/wp-content\/uploads\/2025\/09\/ISLA-CATERPILAR-1024x768.jpg\" class=\"attachment-large size-large wp-image-212\" alt=\"\" srcset=\"https:\/\/render-ec.com\/wp-content\/uploads\/2025\/09\/ISLA-CATERPILAR-1024x768.jpg 1024w, https:\/\/render-ec.com\/wp-content\/uploads\/2025\/09\/ISLA-CATERPILAR-300x225.jpg 300w, https:\/\/render-ec.com\/wp-content\/uploads\/2025\/09\/ISLA-CATERPILAR-768x576.jpg 768w, https:\/\/render-ec.com\/wp-content\/uploads\/2025\/09\/ISLA-CATERPILAR-1536x1152.jpg 1536w, https:\/\/render-ec.com\/wp-content\/uploads\/2025\/09\/ISLA-CATERPILAR-2048x1536.jpg 2048w\" sizes=\"100vw\" \/>\t\t\t\t\t\t\t\t<\/a>\n\t\t\t\t\t\t\t\t\t\t\t\t\t\t\t<\/div>\n\t\t\t\t<\/div>\n\t\t\t\t\t<\/div>\n\t\t<\/div>\n\t\t\t\t<div class=\"elementor-column elementor-col-25 elementor-top-column elementor-element elementor-element-8161f0f\" data-id=\"8161f0f\" data-element_type=\"column\" data-e-type=\"column\">\n\t\t\t<div class=\"elementor-widget-wrap elementor-element-populated\">\n\t\t\t\t\t\t<div class=\"elementor-element elementor-element-a797393 elementor-widget-mobile__width-initial elementor-widget elementor-widget-image\" data-id=\"a797393\" data-element_type=\"widget\" data-e-type=\"widget\" data-widget_type=\"image.default\">\n\t\t\t\t<div class=\"elementor-widget-container\">\n\t\t\t\t\t\t\t\t\t\t\t\t\t\t\t\t<a href=\"https:\/\/render-ec.com\/wp-content\/uploads\/2025\/09\/ISLA-ECUABET-scaled.jpg\" data-elementor-open-lightbox=\"yes\" data-elementor-lightbox-title=\"ISLA ECUABET\" data-e-action-hash=\"#elementor-action%3Aaction%3Dlightbox%26settings%3DeyJpZCI6MjE0LCJ1cmwiOiJodHRwczpcL1wvcmVuZGVyLWVjLmNvbVwvd3AtY29udGVudFwvdXBsb2Fkc1wvMjAyNVwvMDlcL0lTTEEtRUNVQUJFVC1zY2FsZWQuanBnIn0%3D\">\n\t\t\t\t\t\t\t<img loading=\"lazy\" decoding=\"async\" width=\"644\" height=\"483\" src=\"https:\/\/render-ec.com\/wp-content\/uploads\/2025\/09\/ISLA-ECUABET-1024x768.jpg\" class=\"attachment-large size-large wp-image-214\" alt=\"\" srcset=\"https:\/\/render-ec.com\/wp-content\/uploads\/2025\/09\/ISLA-ECUABET-1024x768.jpg 1024w, https:\/\/render-ec.com\/wp-content\/uploads\/2025\/09\/ISLA-ECUABET-300x225.jpg 300w, https:\/\/render-ec.com\/wp-content\/uploads\/2025\/09\/ISLA-ECUABET-768x576.jpg 768w, https:\/\/render-ec.com\/wp-content\/uploads\/2025\/09\/ISLA-ECUABET-1536x1152.jpg 1536w, https:\/\/render-ec.com\/wp-content\/uploads\/2025\/09\/ISLA-ECUABET-2048x1536.jpg 2048w\" sizes=\"100vw\" \/>\t\t\t\t\t\t\t\t<\/a>\n\t\t\t\t\t\t\t\t\t\t\t\t\t\t\t<\/div>\n\t\t\t\t<\/div>\n\t\t\t\t\t<\/div>\n\t\t<\/div>\n\t\t\t\t\t<\/div>\n\t\t<\/section>\n\t\t\t\t<\/div>\n\t\t","protected":false},"excerpt":{"rendered":"<p>Nuestros Dise\u00f1os 3D son propuestas reales y construibles, a tama\u00f1o y medidas reales, con colores y texturas lo m\u00e1s exactas posibles, para que puedas visualizar tu proyecto de una manera real.<\/p>\n","protected":false},"author":1,"featured_media":55,"parent":0,"menu_order":0,"comment_status":"closed","ping_status":"closed","template":"","meta":{"footnotes":""},"class_list":["post-13","page","type-page","status-publish","has-post-thumbnail","hentry"],"nelio_popups_active_popup":"","yoast_head":"<!-- This site is optimized with the Yoast SEO plugin v27.0 - https:\/\/yoast.com\/product\/yoast-seo-wordpress\/ -->\n<title>Dise\u00f1o 3D - render<\/title>\n<meta name=\"description\" content=\"Dise\u00f1o de mobiliario de uso comercial - isla y locales - exhibidores - display\u00b4s - stand\u00b4s\" \/>\n<meta name=\"robots\" content=\"index, follow, max-snippet:-1, max-image-preview:large, max-video-preview:-1\" \/>\n<link rel=\"canonical\" href=\"https:\/\/render-ec.com\/index.php\/islas-comerciales\/\" \/>\n<meta property=\"og:locale\" content=\"es_ES\" \/>\n<meta property=\"og:type\" content=\"article\" \/>\n<meta property=\"og:title\" content=\"Dise\u00f1o 3D - render\" \/>\n<meta property=\"og:description\" content=\"Dise\u00f1o de mobiliario de uso comercial - isla y locales - exhibidores - display\u00b4s - stand\u00b4s\" \/>\n<meta property=\"og:url\" content=\"https:\/\/render-ec.com\/index.php\/islas-comerciales\/\" \/>\n<meta property=\"og:site_name\" content=\"render\" \/>\n<meta property=\"article:modified_time\" content=\"2026-03-01T18:20:03+00:00\" \/>\n<meta property=\"og:image\" content=\"https:\/\/render-ec.com\/wp-content\/uploads\/2025\/03\/WhatsApp-Image-2025-03-16-at-21.03.10.jpeg\" \/>\n\t<meta property=\"og:image:width\" content=\"1280\" \/>\n\t<meta property=\"og:image:height\" content=\"960\" \/>\n\t<meta property=\"og:image:type\" content=\"image\/jpeg\" \/>\n<meta name=\"twitter:card\" content=\"summary_large_image\" \/>\n<meta name=\"twitter:label1\" content=\"Tiempo de lectura\" \/>\n\t<meta name=\"twitter:data1\" content=\"1 minuto\" \/>\n<script type=\"application\/ld+json\" class=\"yoast-schema-graph\">{\"@context\":\"https:\/\/schema.org\",\"@graph\":[{\"@type\":\"WebPage\",\"@id\":\"https:\/\/render-ec.com\/index.php\/islas-comerciales\/\",\"url\":\"https:\/\/render-ec.com\/index.php\/islas-comerciales\/\",\"name\":\"Dise\u00f1o 3D - render\",\"isPartOf\":{\"@id\":\"https:\/\/render-ec.com\/#website\"},\"primaryImageOfPage\":{\"@id\":\"https:\/\/render-ec.com\/index.php\/islas-comerciales\/#primaryimage\"},\"image\":{\"@id\":\"https:\/\/render-ec.com\/index.php\/islas-comerciales\/#primaryimage\"},\"thumbnailUrl\":\"https:\/\/render-ec.com\/wp-content\/uploads\/2025\/03\/WhatsApp-Image-2025-03-16-at-21.03.10.jpeg\",\"datePublished\":\"2025-03-17T01:20:34+00:00\",\"dateModified\":\"2026-03-01T18:20:03+00:00\",\"description\":\"Dise\u00f1o de mobiliario de uso comercial - isla y locales - exhibidores - display\u00b4s - stand\u00b4s\",\"breadcrumb\":{\"@id\":\"https:\/\/render-ec.com\/index.php\/islas-comerciales\/#breadcrumb\"},\"inLanguage\":\"es\",\"potentialAction\":[{\"@type\":\"ReadAction\",\"target\":[\"https:\/\/render-ec.com\/index.php\/islas-comerciales\/\"]}]},{\"@type\":\"ImageObject\",\"inLanguage\":\"es\",\"@id\":\"https:\/\/render-ec.com\/index.php\/islas-comerciales\/#primaryimage\",\"url\":\"https:\/\/render-ec.com\/wp-content\/uploads\/2025\/03\/WhatsApp-Image-2025-03-16-at-21.03.10.jpeg\",\"contentUrl\":\"https:\/\/render-ec.com\/wp-content\/uploads\/2025\/03\/WhatsApp-Image-2025-03-16-at-21.03.10.jpeg\",\"width\":1280,\"height\":960},{\"@type\":\"BreadcrumbList\",\"@id\":\"https:\/\/render-ec.com\/index.php\/islas-comerciales\/#breadcrumb\",\"itemListElement\":[{\"@type\":\"ListItem\",\"position\":1,\"name\":\"Home\",\"item\":\"https:\/\/render-ec.com\/\"},{\"@type\":\"ListItem\",\"position\":2,\"name\":\"Dise\u00f1o 3D\"}]},{\"@type\":\"WebSite\",\"@id\":\"https:\/\/render-ec.com\/#website\",\"url\":\"https:\/\/render-ec.com\/\",\"name\":\"render\",\"description\":\"dise\u00f1o de mobiliario de uso comercial\",\"potentialAction\":[{\"@type\":\"SearchAction\",\"target\":{\"@type\":\"EntryPoint\",\"urlTemplate\":\"https:\/\/render-ec.com\/?s={search_term_string}\"},\"query-input\":{\"@type\":\"PropertyValueSpecification\",\"valueRequired\":true,\"valueName\":\"search_term_string\"}}],\"inLanguage\":\"es\"}]}<\/script>\n<!-- \/ Yoast SEO plugin. -->","yoast_head_json":{"title":"Dise\u00f1o 3D - render","description":"Dise\u00f1o de mobiliario de uso comercial - isla y locales - exhibidores - display\u00b4s - stand\u00b4s","robots":{"index":"index","follow":"follow","max-snippet":"max-snippet:-1","max-image-preview":"max-image-preview:large","max-video-preview":"max-video-preview:-1"},"canonical":"https:\/\/render-ec.com\/index.php\/islas-comerciales\/","og_locale":"es_ES","og_type":"article","og_title":"Dise\u00f1o 3D - render","og_description":"Dise\u00f1o de mobiliario de uso comercial - isla y locales - exhibidores - display\u00b4s - stand\u00b4s","og_url":"https:\/\/render-ec.com\/index.php\/islas-comerciales\/","og_site_name":"render","article_modified_time":"2026-03-01T18:20:03+00:00","og_image":[{"width":1280,"height":960,"url":"https:\/\/render-ec.com\/wp-content\/uploads\/2025\/03\/WhatsApp-Image-2025-03-16-at-21.03.10.jpeg","type":"image\/jpeg"}],"twitter_card":"summary_large_image","twitter_misc":{"Tiempo de lectura":"1 minuto"},"schema":{"@context":"https:\/\/schema.org","@graph":[{"@type":"WebPage","@id":"https:\/\/render-ec.com\/index.php\/islas-comerciales\/","url":"https:\/\/render-ec.com\/index.php\/islas-comerciales\/","name":"Dise\u00f1o 3D - render","isPartOf":{"@id":"https:\/\/render-ec.com\/#website"},"primaryImageOfPage":{"@id":"https:\/\/render-ec.com\/index.php\/islas-comerciales\/#primaryimage"},"image":{"@id":"https:\/\/render-ec.com\/index.php\/islas-comerciales\/#primaryimage"},"thumbnailUrl":"https:\/\/render-ec.com\/wp-content\/uploads\/2025\/03\/WhatsApp-Image-2025-03-16-at-21.03.10.jpeg","datePublished":"2025-03-17T01:20:34+00:00","dateModified":"2026-03-01T18:20:03+00:00","description":"Dise\u00f1o de mobiliario de uso comercial - isla y locales - exhibidores - display\u00b4s - stand\u00b4s","breadcrumb":{"@id":"https:\/\/render-ec.com\/index.php\/islas-comerciales\/#breadcrumb"},"inLanguage":"es","potentialAction":[{"@type":"ReadAction","target":["https:\/\/render-ec.com\/index.php\/islas-comerciales\/"]}]},{"@type":"ImageObject","inLanguage":"es","@id":"https:\/\/render-ec.com\/index.php\/islas-comerciales\/#primaryimage","url":"https:\/\/render-ec.com\/wp-content\/uploads\/2025\/03\/WhatsApp-Image-2025-03-16-at-21.03.10.jpeg","contentUrl":"https:\/\/render-ec.com\/wp-content\/uploads\/2025\/03\/WhatsApp-Image-2025-03-16-at-21.03.10.jpeg","width":1280,"height":960},{"@type":"BreadcrumbList","@id":"https:\/\/render-ec.com\/index.php\/islas-comerciales\/#breadcrumb","itemListElement":[{"@type":"ListItem","position":1,"name":"Home","item":"https:\/\/render-ec.com\/"},{"@type":"ListItem","position":2,"name":"Dise\u00f1o 3D"}]},{"@type":"WebSite","@id":"https:\/\/render-ec.com\/#website","url":"https:\/\/render-ec.com\/","name":"render","description":"dise\u00f1o de mobiliario de uso comercial","potentialAction":[{"@type":"SearchAction","target":{"@type":"EntryPoint","urlTemplate":"https:\/\/render-ec.com\/?s={search_term_string}"},"query-input":{"@type":"PropertyValueSpecification","valueRequired":true,"valueName":"search_term_string"}}],"inLanguage":"es"}]}},"_links":{"self":[{"href":"https:\/\/render-ec.com\/index.php\/wp-json\/wp\/v2\/pages\/13","targetHints":{"allow":["GET"]}}],"collection":[{"href":"https:\/\/render-ec.com\/index.php\/wp-json\/wp\/v2\/pages"}],"about":[{"href":"https:\/\/render-ec.com\/index.php\/wp-json\/wp\/v2\/types\/page"}],"author":[{"embeddable":true,"href":"https:\/\/render-ec.com\/index.php\/wp-json\/wp\/v2\/users\/1"}],"replies":[{"embeddable":true,"href":"https:\/\/render-ec.com\/index.php\/wp-json\/wp\/v2\/comments?post=13"}],"version-history":[{"count":135,"href":"https:\/\/render-ec.com\/index.php\/wp-json\/wp\/v2\/pages\/13\/revisions"}],"predecessor-version":[{"id":422,"href":"https:\/\/render-ec.com\/index.php\/wp-json\/wp\/v2\/pages\/13\/revisions\/422"}],"wp:featuredmedia":[{"embeddable":true,"href":"https:\/\/render-ec.com\/index.php\/wp-json\/wp\/v2\/media\/55"}],"wp:attachment":[{"href":"https:\/\/render-ec.com\/index.php\/wp-json\/wp\/v2\/media?parent=13"}],"curies":[{"name":"wp","href":"https:\/\/api.w.org\/{rel}","templated":true}]}}