{"id":10,"date":"2025-03-17T01:20:34","date_gmt":"2025-03-17T01:20:34","guid":{"rendered":"https:\/\/render-ec.com\/?page_id=10"},"modified":"2026-03-01T02:34:58","modified_gmt":"2026-03-01T02:34:58","slug":"inicio","status":"publish","type":"page","link":"https:\/\/render-ec.com\/","title":{"rendered":"INICIO"},"content":{"rendered":"\t\t<div data-elementor-type=\"wp-page\" data-elementor-id=\"10\" class=\"elementor elementor-10\">\n\t\t\t\t\t\t<section class=\"elementor-section elementor-top-section elementor-element elementor-element-5bce9641 elementor-section-boxed elementor-section-height-default elementor-section-height-default\" data-id=\"5bce9641\" data-element_type=\"section\" data-e-type=\"section\">\n\t\t\t\t\t\t<div class=\"elementor-container elementor-column-gap-default\">\n\t\t\t\t\t<div class=\"elementor-column elementor-col-100 elementor-top-column elementor-element elementor-element-4f00ce5\" data-id=\"4f00ce5\" data-element_type=\"column\" data-e-type=\"column\">\n\t\t\t<div class=\"elementor-widget-wrap elementor-element-populated\">\n\t\t\t\t\t\t<div class=\"elementor-element elementor-element-234c576e elementor-widget elementor-widget-text-editor\" data-id=\"234c576e\" data-element_type=\"widget\" data-e-type=\"widget\" data-widget_type=\"text-editor.default\">\n\t\t\t\t<div class=\"elementor-widget-container\">\n\t\t\t\t\t\t\t\t\t\n<p style=\"text-align: center;\"><strong>Somos una empresa de Dise\u00f1o y Fabricaci\u00f3n de miliario de uso comercial con m\u00e1s de 20 a\u00f1os en el mercado nacional.<\/strong><\/p>\n<p style=\"text-align: center;\"><strong>Contamos con nuestro propio taller de producci\u00f3n y un equipo de profesionales calificados.<\/strong><\/p>\n<p style=\"text-align: center;\"><strong>Te acompa\u00f1amos en todo el recorrido de tu proyecto,<\/strong><\/p>\n<p style=\"text-align: center;\"><strong>Dise\u00f1amos proyectos construibles y funcionales.<\/strong><\/p>\n\t\t\t\t\t\t\t\t<\/div>\n\t\t\t\t<\/div>\n\t\t\t\t\t<\/div>\n\t\t<\/div>\n\t\t\t\t\t<\/div>\n\t\t<\/section>\n\t\t\t\t<\/div>\n\t\t","protected":false},"excerpt":{"rendered":"<p>Somos una empresa de Dise\u00f1o y Fabricaci\u00f3n de miliario de uso comercial con m\u00e1s de 20 a\u00f1os en el mercado nacional. Contamos con nuestro propio taller de producci\u00f3n y un equipo de profesionales calificados. Te acompa\u00f1amos en todo el recorrido de tu proyecto, Dise\u00f1amos proyectos construibles y funcionales.<\/p>\n","protected":false},"author":1,"featured_media":0,"parent":0,"menu_order":0,"comment_status":"closed","ping_status":"closed","template":"","meta":{"footnotes":""},"class_list":["post-10","page","type-page","status-publish","hentry"],"nelio_popups_active_popup":"","yoast_head":"<!-- This site is optimized with the Yoast SEO plugin v27.0 - https:\/\/yoast.com\/product\/yoast-seo-wordpress\/ -->\n<title>INICIO - render<\/title>\n<meta name=\"description\" content=\"islas comerciales - locales - exhibidores - dise\u00f1o y fabricaci\u00f3n de mobiliario de uso comercial con mas de 20 a\u00f1os en el mercado nacional.\" \/>\n<meta name=\"robots\" content=\"index, follow, max-snippet:-1, max-image-preview:large, max-video-preview:-1\" \/>\n<link rel=\"canonical\" href=\"https:\/\/render-ec.com\/\" \/>\n<meta property=\"og:locale\" content=\"es_ES\" \/>\n<meta property=\"og:type\" content=\"article\" \/>\n<meta property=\"og:title\" content=\"INICIO - render\" \/>\n<meta property=\"og:description\" content=\"islas comerciales - locales - exhibidores - dise\u00f1o y fabricaci\u00f3n de mobiliario de uso comercial con mas de 20 a\u00f1os en el mercado nacional.\" \/>\n<meta property=\"og:url\" content=\"https:\/\/render-ec.com\/\" \/>\n<meta property=\"og:site_name\" content=\"render\" \/>\n<meta property=\"article:modified_time\" content=\"2026-03-01T02:34:58+00:00\" \/>\n<meta name=\"twitter:card\" content=\"summary_large_image\" \/>\n<meta name=\"twitter:label1\" content=\"Tiempo de lectura\" \/>\n\t<meta name=\"twitter:data1\" content=\"1 minuto\" \/>\n<script type=\"application\/ld+json\" class=\"yoast-schema-graph\">{\"@context\":\"https:\/\/schema.org\",\"@graph\":[{\"@type\":\"WebPage\",\"@id\":\"https:\/\/render-ec.com\/\",\"url\":\"https:\/\/render-ec.com\/\",\"name\":\"INICIO - render\",\"isPartOf\":{\"@id\":\"https:\/\/render-ec.com\/#website\"},\"datePublished\":\"2025-03-17T01:20:34+00:00\",\"dateModified\":\"2026-03-01T02:34:58+00:00\",\"description\":\"islas comerciales - locales - exhibidores - dise\u00f1o y fabricaci\u00f3n de mobiliario de uso comercial con mas de 20 a\u00f1os en el mercado nacional.\",\"breadcrumb\":{\"@id\":\"https:\/\/render-ec.com\/#breadcrumb\"},\"inLanguage\":\"es\",\"potentialAction\":[{\"@type\":\"ReadAction\",\"target\":[\"https:\/\/render-ec.com\/\"]}]},{\"@type\":\"BreadcrumbList\",\"@id\":\"https:\/\/render-ec.com\/#breadcrumb\",\"itemListElement\":[{\"@type\":\"ListItem\",\"position\":1,\"name\":\"Home\",\"item\":\"https:\/\/render-ec.com\/\"},{\"@type\":\"ListItem\",\"position\":2,\"name\":\"INICIO\"}]},{\"@type\":\"WebSite\",\"@id\":\"https:\/\/render-ec.com\/#website\",\"url\":\"https:\/\/render-ec.com\/\",\"name\":\"render\",\"description\":\"dise\u00f1o de mobiliario de uso comercial\",\"potentialAction\":[{\"@type\":\"SearchAction\",\"target\":{\"@type\":\"EntryPoint\",\"urlTemplate\":\"https:\/\/render-ec.com\/?s={search_term_string}\"},\"query-input\":{\"@type\":\"PropertyValueSpecification\",\"valueRequired\":true,\"valueName\":\"search_term_string\"}}],\"inLanguage\":\"es\"}]}<\/script>\n<!-- \/ Yoast SEO plugin. -->","yoast_head_json":{"title":"INICIO - render","description":"islas comerciales - locales - exhibidores - dise\u00f1o y fabricaci\u00f3n de mobiliario de uso comercial con mas de 20 a\u00f1os en el mercado nacional.","robots":{"index":"index","follow":"follow","max-snippet":"max-snippet:-1","max-image-preview":"max-image-preview:large","max-video-preview":"max-video-preview:-1"},"canonical":"https:\/\/render-ec.com\/","og_locale":"es_ES","og_type":"article","og_title":"INICIO - render","og_description":"islas comerciales - locales - exhibidores - dise\u00f1o y fabricaci\u00f3n de mobiliario de uso comercial con mas de 20 a\u00f1os en el mercado nacional.","og_url":"https:\/\/render-ec.com\/","og_site_name":"render","article_modified_time":"2026-03-01T02:34:58+00:00","twitter_card":"summary_large_image","twitter_misc":{"Tiempo de lectura":"1 minuto"},"schema":{"@context":"https:\/\/schema.org","@graph":[{"@type":"WebPage","@id":"https:\/\/render-ec.com\/","url":"https:\/\/render-ec.com\/","name":"INICIO - render","isPartOf":{"@id":"https:\/\/render-ec.com\/#website"},"datePublished":"2025-03-17T01:20:34+00:00","dateModified":"2026-03-01T02:34:58+00:00","description":"islas comerciales - locales - exhibidores - dise\u00f1o y fabricaci\u00f3n de mobiliario de uso comercial con mas de 20 a\u00f1os en el mercado nacional.","breadcrumb":{"@id":"https:\/\/render-ec.com\/#breadcrumb"},"inLanguage":"es","potentialAction":[{"@type":"ReadAction","target":["https:\/\/render-ec.com\/"]}]},{"@type":"BreadcrumbList","@id":"https:\/\/render-ec.com\/#breadcrumb","itemListElement":[{"@type":"ListItem","position":1,"name":"Home","item":"https:\/\/render-ec.com\/"},{"@type":"ListItem","position":2,"name":"INICIO"}]},{"@type":"WebSite","@id":"https:\/\/render-ec.com\/#website","url":"https:\/\/render-ec.com\/","name":"render","description":"dise\u00f1o de mobiliario de uso comercial","potentialAction":[{"@type":"SearchAction","target":{"@type":"EntryPoint","urlTemplate":"https:\/\/render-ec.com\/?s={search_term_string}"},"query-input":{"@type":"PropertyValueSpecification","valueRequired":true,"valueName":"search_term_string"}}],"inLanguage":"es"}]}},"_links":{"self":[{"href":"https:\/\/render-ec.com\/index.php\/wp-json\/wp\/v2\/pages\/10","targetHints":{"allow":["GET"]}}],"collection":[{"href":"https:\/\/render-ec.com\/index.php\/wp-json\/wp\/v2\/pages"}],"about":[{"href":"https:\/\/render-ec.com\/index.php\/wp-json\/wp\/v2\/types\/page"}],"author":[{"embeddable":true,"href":"https:\/\/render-ec.com\/index.php\/wp-json\/wp\/v2\/users\/1"}],"replies":[{"embeddable":true,"href":"https:\/\/render-ec.com\/index.php\/wp-json\/wp\/v2\/comments?post=10"}],"version-history":[{"count":35,"href":"https:\/\/render-ec.com\/index.php\/wp-json\/wp\/v2\/pages\/10\/revisions"}],"predecessor-version":[{"id":352,"href":"https:\/\/render-ec.com\/index.php\/wp-json\/wp\/v2\/pages\/10\/revisions\/352"}],"wp:attachment":[{"href":"https:\/\/render-ec.com\/index.php\/wp-json\/wp\/v2\/media?parent=10"}],"curies":[{"name":"wp","href":"https:\/\/api.w.org\/{rel}","templated":true}]}}